{"id":3024,"date":"2021-02-20T15:31:55","date_gmt":"2021-02-20T14:31:55","guid":{"rendered":"http:\/\/192.168.0.4\/wordpress\/?page_id=3024"},"modified":"2024-03-26T20:03:43","modified_gmt":"2024-03-26T19:03:43","slug":"hausbrauerei","status":"publish","type":"page","link":"https:\/\/archiv.familie-meesters.de\/wordpress\/hausbrauerei\/","title":{"rendered":"Hausbrauerei"},"content":{"rendered":"\n<p>Wer den Mut hat eine neue Idee zu kommunizieren, diese der \u00dcberpr\u00fcfung aussetzt, daran zielstrebig arbeitet und den m\u00f6glichen Erfolg teilen m\u00f6chte, muss sich der Tragweite seiner Gedanken g\u00e4nzlich bewusst werden.<\/p>\n\n\n\n<p>Die Energie der Angst ist f\u00fcr den Einen der Antrieb f\u00fcr das kreative Wirken. Bei dem Anderen ger\u00e4t Sie au\u00dfer Kontrolle und zerst\u00f6rt jeden Einfallsreichtum. Es ist ein bedauerlicher Umstand, wenn dabei dann nicht nur die Idee stirbt.<\/p>\n\n\n\n<p><em>Wahrscheinlich beginnt das Scheitern dort, wo das Versuchen endet. Geblieben ist dann blo\u00df gutes, leider&nbsp;<strong>unver\u00e4u\u00dferliches<\/strong>&nbsp;Bier.<\/em><\/p>\n\n\n\n<hr class=\"wp-block-separator has-alpha-channel-opacity\"\/>\n\n\n<ul class=\"wp-block-latest-posts__list aligncenter wp-block-latest-posts\"><li><a class=\"wp-block-latest-posts__post-title\" href=\"https:\/\/archiv.familie-meesters.de\/wordpress\/2019\/11\/11\/winterprinte\/\">Winterprinte<\/a><div class=\"wp-block-latest-posts__post-excerpt\">Das aparte Aroma wird durch einen duftenden Wohlgeruch nach reifen Bananen und s\u00fc\u00dfer Zuckerwatte abgerundet.<\/div><\/li>\n<li><a class=\"wp-block-latest-posts__post-title\" href=\"https:\/\/archiv.familie-meesters.de\/wordpress\/2018\/06\/18\/springbock\/\">Springbock<\/a><div class=\"wp-block-latest-posts__post-excerpt\">Das starke Aroma wird durch einen leichten, s\u00fc\u00dfen Wohlgeruch nach Sahnekaramell und frischen Fr\u00fcchten abgerundet.<\/div><\/li>\n<li><a class=\"wp-block-latest-posts__post-title\" href=\"https:\/\/archiv.familie-meesters.de\/wordpress\/2017\/12\/28\/roruper-fuchs\/\">Roruper Fuchs<\/a><div class=\"wp-block-latest-posts__post-excerpt\">Das opale, bersteinfarbene Bier duftet hopfenaromatisch sowohl nach Fr\u00fcchten als auch dezent gr\u00fcn grasig und teeartig.<\/div><\/li>\n<\/ul>","protected":false},"excerpt":{"rendered":"<p>Wer den Mut hat eine neue Idee zu kommunizieren, diese der \u00dcberpr\u00fcfung aussetzt, daran zielstrebig arbeitet und den m\u00f6glichen Erfolg teilen m\u00f6chte, muss sich der Tragweite seiner Gedanken&#8230;<\/p>\n","protected":false},"author":1,"featured_media":0,"parent":0,"menu_order":0,"comment_status":"closed","ping_status":"closed","template":"","meta":{"footnotes":""},"class_list":["post-3024","page","type-page","status-publish","hentry"],"yoast_head":"<!-- This site is optimized with the Yoast SEO plugin v27.5 - https:\/\/yoast.com\/product\/yoast-seo-wordpress\/ -->\n<title>Hausbrauerei - Archiv Meesters<\/title>\n<meta name=\"description\" content=\"Wahrscheinlich beginnt das Scheitern dort, wo das Versuchen endet. Geblieben ist dann blo\u00df gutes, leider\u00a0unver\u00e4u\u00dferliches\u00a0Bier.\" \/>\n<meta name=\"robots\" content=\"index, follow, max-snippet:-1, max-image-preview:large, max-video-preview:-1\" \/>\n<link rel=\"canonical\" href=\"https:\/\/archiv.familie-meesters.de\/wordpress\/hausbrauerei\/\" \/>\n<meta property=\"og:locale\" content=\"de_DE\" \/>\n<meta property=\"og:type\" content=\"article\" \/>\n<meta property=\"og:title\" content=\"Hausbrauerei - Archiv Meesters\" \/>\n<meta property=\"og:description\" content=\"Wahrscheinlich beginnt das Scheitern dort, wo das Versuchen endet. Geblieben ist dann blo\u00df gutes, leider\u00a0unver\u00e4u\u00dferliches\u00a0Bier.\" \/>\n<meta property=\"og:url\" content=\"https:\/\/archiv.familie-meesters.de\/wordpress\/hausbrauerei\/\" \/>\n<meta property=\"og:site_name\" content=\"Archiv Meesters\" \/>\n<meta property=\"article:publisher\" content=\"https:\/\/www.facebook.com\/diemeesters\/\" \/>\n<meta property=\"article:modified_time\" content=\"2024-03-26T19:03:43+00:00\" \/>\n<meta property=\"og:image\" content=\"https:\/\/archiv.familie-meesters.de\/wordpress\/wp-content\/uploads\/2024\/03\/Hausbrauerei-1024x576.png\" \/>\n\t<meta property=\"og:image:width\" content=\"1024\" \/>\n\t<meta property=\"og:image:height\" content=\"576\" \/>\n\t<meta property=\"og:image:type\" content=\"image\/png\" \/>\n<meta name=\"twitter:card\" content=\"summary_large_image\" \/>\n<meta name=\"twitter:title\" content=\"Hausbrauerei - Archiv Meesters\" \/>\n<meta name=\"twitter:description\" content=\"Wahrscheinlich beginnt das Scheitern dort, wo das Versuchen endet. Geblieben ist dann blo\u00df gutes, leider\u00a0unver\u00e4u\u00dferliches\u00a0Bier.\" \/>\n<meta name=\"twitter:label1\" content=\"Gesch\u00e4tzte Lesezeit\" \/>\n\t<meta name=\"twitter:data1\" content=\"1\u00a0Minute\" \/>\n<script type=\"application\/ld+json\" class=\"yoast-schema-graph\">{\"@context\":\"https:\\\/\\\/schema.org\",\"@graph\":[{\"@type\":\"WebPage\",\"@id\":\"https:\\\/\\\/archiv.familie-meesters.de\\\/wordpress\\\/hausbrauerei\\\/\",\"url\":\"https:\\\/\\\/archiv.familie-meesters.de\\\/wordpress\\\/hausbrauerei\\\/\",\"name\":\"Hausbrauerei - Archiv Meesters\",\"isPartOf\":{\"@id\":\"https:\\\/\\\/archiv.familie-meesters.de\\\/wordpress\\\/#website\"},\"datePublished\":\"2021-02-20T14:31:55+00:00\",\"dateModified\":\"2024-03-26T19:03:43+00:00\",\"description\":\"Wahrscheinlich beginnt das Scheitern dort, wo das Versuchen endet. Geblieben ist dann blo\u00df gutes, leider\u00a0unver\u00e4u\u00dferliches\u00a0Bier.\",\"breadcrumb\":{\"@id\":\"https:\\\/\\\/archiv.familie-meesters.de\\\/wordpress\\\/hausbrauerei\\\/#breadcrumb\"},\"inLanguage\":\"de\",\"potentialAction\":[{\"@type\":\"ReadAction\",\"target\":[\"https:\\\/\\\/archiv.familie-meesters.de\\\/wordpress\\\/hausbrauerei\\\/\"]}]},{\"@type\":\"BreadcrumbList\",\"@id\":\"https:\\\/\\\/archiv.familie-meesters.de\\\/wordpress\\\/hausbrauerei\\\/#breadcrumb\",\"itemListElement\":[{\"@type\":\"ListItem\",\"position\":1,\"name\":\"Startseite\",\"item\":\"https:\\\/\\\/archiv.familie-meesters.de\\\/wordpress\\\/\"},{\"@type\":\"ListItem\",\"position\":2,\"name\":\"Hausbrauerei\"}]},{\"@type\":\"WebSite\",\"@id\":\"https:\\\/\\\/archiv.familie-meesters.de\\\/wordpress\\\/#website\",\"url\":\"https:\\\/\\\/archiv.familie-meesters.de\\\/wordpress\\\/\",\"name\":\"Archiv Meesters\",\"description\":\"Archiv der Familie Meesters\",\"potentialAction\":[{\"@type\":\"SearchAction\",\"target\":{\"@type\":\"EntryPoint\",\"urlTemplate\":\"https:\\\/\\\/archiv.familie-meesters.de\\\/wordpress\\\/?s={search_term_string}\"},\"query-input\":{\"@type\":\"PropertyValueSpecification\",\"valueRequired\":true,\"valueName\":\"search_term_string\"}}],\"inLanguage\":\"de\"}]}<\/script>\n<!-- \/ Yoast SEO plugin. -->","yoast_head_json":{"title":"Hausbrauerei - Archiv Meesters","description":"Wahrscheinlich beginnt das Scheitern dort, wo das Versuchen endet. Geblieben ist dann blo\u00df gutes, leider\u00a0unver\u00e4u\u00dferliches\u00a0Bier.","robots":{"index":"index","follow":"follow","max-snippet":"max-snippet:-1","max-image-preview":"max-image-preview:large","max-video-preview":"max-video-preview:-1"},"canonical":"https:\/\/archiv.familie-meesters.de\/wordpress\/hausbrauerei\/","og_locale":"de_DE","og_type":"article","og_title":"Hausbrauerei - Archiv Meesters","og_description":"Wahrscheinlich beginnt das Scheitern dort, wo das Versuchen endet. Geblieben ist dann blo\u00df gutes, leider\u00a0unver\u00e4u\u00dferliches\u00a0Bier.","og_url":"https:\/\/archiv.familie-meesters.de\/wordpress\/hausbrauerei\/","og_site_name":"Archiv Meesters","article_publisher":"https:\/\/www.facebook.com\/diemeesters\/","article_modified_time":"2024-03-26T19:03:43+00:00","og_image":[{"width":1024,"height":576,"url":"https:\/\/archiv.familie-meesters.de\/wordpress\/wp-content\/uploads\/2024\/03\/Hausbrauerei-1024x576.png","type":"image\/png"}],"twitter_card":"summary_large_image","twitter_title":"Hausbrauerei - Archiv Meesters","twitter_description":"Wahrscheinlich beginnt das Scheitern dort, wo das Versuchen endet. Geblieben ist dann blo\u00df gutes, leider\u00a0unver\u00e4u\u00dferliches\u00a0Bier.","twitter_misc":{"Gesch\u00e4tzte Lesezeit":"1\u00a0Minute"},"schema":{"@context":"https:\/\/schema.org","@graph":[{"@type":"WebPage","@id":"https:\/\/archiv.familie-meesters.de\/wordpress\/hausbrauerei\/","url":"https:\/\/archiv.familie-meesters.de\/wordpress\/hausbrauerei\/","name":"Hausbrauerei - Archiv Meesters","isPartOf":{"@id":"https:\/\/archiv.familie-meesters.de\/wordpress\/#website"},"datePublished":"2021-02-20T14:31:55+00:00","dateModified":"2024-03-26T19:03:43+00:00","description":"Wahrscheinlich beginnt das Scheitern dort, wo das Versuchen endet. Geblieben ist dann blo\u00df gutes, leider\u00a0unver\u00e4u\u00dferliches\u00a0Bier.","breadcrumb":{"@id":"https:\/\/archiv.familie-meesters.de\/wordpress\/hausbrauerei\/#breadcrumb"},"inLanguage":"de","potentialAction":[{"@type":"ReadAction","target":["https:\/\/archiv.familie-meesters.de\/wordpress\/hausbrauerei\/"]}]},{"@type":"BreadcrumbList","@id":"https:\/\/archiv.familie-meesters.de\/wordpress\/hausbrauerei\/#breadcrumb","itemListElement":[{"@type":"ListItem","position":1,"name":"Startseite","item":"https:\/\/archiv.familie-meesters.de\/wordpress\/"},{"@type":"ListItem","position":2,"name":"Hausbrauerei"}]},{"@type":"WebSite","@id":"https:\/\/archiv.familie-meesters.de\/wordpress\/#website","url":"https:\/\/archiv.familie-meesters.de\/wordpress\/","name":"Archiv Meesters","description":"Archiv der Familie Meesters","potentialAction":[{"@type":"SearchAction","target":{"@type":"EntryPoint","urlTemplate":"https:\/\/archiv.familie-meesters.de\/wordpress\/?s={search_term_string}"},"query-input":{"@type":"PropertyValueSpecification","valueRequired":true,"valueName":"search_term_string"}}],"inLanguage":"de"}]}},"_links":{"self":[{"href":"https:\/\/archiv.familie-meesters.de\/wordpress\/wp-json\/wp\/v2\/pages\/3024","targetHints":{"allow":["GET"]}}],"collection":[{"href":"https:\/\/archiv.familie-meesters.de\/wordpress\/wp-json\/wp\/v2\/pages"}],"about":[{"href":"https:\/\/archiv.familie-meesters.de\/wordpress\/wp-json\/wp\/v2\/types\/page"}],"author":[{"embeddable":true,"href":"https:\/\/archiv.familie-meesters.de\/wordpress\/wp-json\/wp\/v2\/users\/1"}],"replies":[{"embeddable":true,"href":"https:\/\/archiv.familie-meesters.de\/wordpress\/wp-json\/wp\/v2\/comments?post=3024"}],"version-history":[{"count":14,"href":"https:\/\/archiv.familie-meesters.de\/wordpress\/wp-json\/wp\/v2\/pages\/3024\/revisions"}],"predecessor-version":[{"id":5244,"href":"https:\/\/archiv.familie-meesters.de\/wordpress\/wp-json\/wp\/v2\/pages\/3024\/revisions\/5244"}],"wp:attachment":[{"href":"https:\/\/archiv.familie-meesters.de\/wordpress\/wp-json\/wp\/v2\/media?parent=3024"}],"curies":[{"name":"wp","href":"https:\/\/api.w.org\/{rel}","templated":true}]}}