{"id":200,"date":"2021-02-13T15:36:59","date_gmt":"2021-02-13T14:36:59","guid":{"rendered":"http:\/\/192.168.0.4\/wordpress\/?page_id=200"},"modified":"2026-03-10T09:36:43","modified_gmt":"2026-03-10T08:36:43","slug":"wetterstation","status":"publish","type":"page","link":"https:\/\/archiv.familie-meesters.de\/wordpress\/wetterstation\/","title":{"rendered":"Wetterstation"},"content":{"rendered":"\n<p>Das Projekt <em>Meesters METEORORUP<\/em> wurde im Jahr 2026 eingestellt.<\/p>\n\n\n\n<p>Seit 2020 haben wir mit gro\u00dfer Freude meteorologische Daten aus Rorup gesammelt und dokumentiert. Ziel war es, die lokale Wetterentwicklung sichtbar zu machen und die Dynamik der Atmosph\u00e4re \u00fcber unserer Region besser zu verstehen.<\/p>\n\n\n\n<p>\u00dcber mehrere Jahre hinweg entstand so ein kleines Archiv aus Messwerten, Beobachtungen und Auswertungen, das uns viele faszinierende Einblicke in das Zusammenspiel von Ruhe und Gewalt in der Troposph\u00e4re \u00fcber unseren K\u00f6pfen gegeben hat.<\/p>\n\n\n\n<p>Mit dem Ende dieser Messreihe endet auch das Projekt METEORORUP in seiner bisherigen Form. Die bestehende Datensammlung bleibt als pers\u00f6nliches Zeitdokument erhalten, wird jedoch nicht weitergef\u00fchrt oder \u00f6ffentlich ausgewertet.<\/p>\n\n\n\n<p>Wir danken allen, die sich f\u00fcr die Daten, die Auswertungen und die Idee hinter diesem Projekt interessiert haben.<\/p>\n","protected":false},"excerpt":{"rendered":"<p>Das Projekt Meesters METEORORUP wurde im Jahr 2026 eingestellt. Seit 2020 haben wir mit gro\u00dfer Freude meteorologische Daten aus Rorup gesammelt und dokumentiert. Ziel war es, die lokale&#8230;<\/p>\n","protected":false},"author":1,"featured_media":0,"parent":0,"menu_order":0,"comment_status":"closed","ping_status":"closed","template":"","meta":{"footnotes":""},"class_list":["post-200","page","type-page","status-publish","hentry"],"yoast_head":"<!-- This site is optimized with the Yoast SEO plugin v27.5 - https:\/\/yoast.com\/product\/yoast-seo-wordpress\/ -->\n<title>Wetterstation - Archiv Meesters<\/title>\n<meta name=\"description\" content=\"Um die lokale Wetterentwicklung \u00fcber Rorup zu dokumentieren, zeichnen wir seit 2020 den in Bodenn\u00e4he messbaren Zustand der Troposph\u00e4re detailliert auf.\" \/>\n<meta name=\"robots\" content=\"index, follow, max-snippet:-1, max-image-preview:large, max-video-preview:-1\" \/>\n<link rel=\"canonical\" href=\"https:\/\/archiv.familie-meesters.de\/wordpress\/wetterstation\/\" \/>\n<meta property=\"og:locale\" content=\"de_DE\" \/>\n<meta property=\"og:type\" content=\"article\" \/>\n<meta property=\"og:title\" content=\"Wetterstation - Archiv Meesters\" \/>\n<meta property=\"og:description\" content=\"Um die lokale Wetterentwicklung \u00fcber Rorup zu dokumentieren, zeichnen wir seit 2020 den in Bodenn\u00e4he messbaren Zustand der Troposph\u00e4re detailliert auf.\" \/>\n<meta property=\"og:url\" content=\"https:\/\/archiv.familie-meesters.de\/wordpress\/wetterstation\/\" \/>\n<meta property=\"og:site_name\" content=\"Archiv Meesters\" \/>\n<meta property=\"article:publisher\" content=\"https:\/\/www.facebook.com\/diemeesters\/\" \/>\n<meta property=\"article:modified_time\" content=\"2026-03-10T08:36:43+00:00\" \/>\n<meta name=\"twitter:card\" content=\"summary_large_image\" \/>\n<meta name=\"twitter:title\" content=\"Wetterstation - Archiv Meesters\" \/>\n<meta name=\"twitter:description\" content=\"Um die lokale Wetterentwicklung \u00fcber Rorup zu dokumentieren, zeichnen wir seit 2020 den in Bodenn\u00e4he messbaren Zustand der Troposph\u00e4re detailliert auf.\" \/>\n<meta name=\"twitter:label1\" content=\"Gesch\u00e4tzte Lesezeit\" \/>\n\t<meta name=\"twitter:data1\" content=\"1\u00a0Minute\" \/>\n<script type=\"application\/ld+json\" class=\"yoast-schema-graph\">{\"@context\":\"https:\\\/\\\/schema.org\",\"@graph\":[{\"@type\":\"WebPage\",\"@id\":\"https:\\\/\\\/archiv.familie-meesters.de\\\/wordpress\\\/wetterstation\\\/\",\"url\":\"https:\\\/\\\/archiv.familie-meesters.de\\\/wordpress\\\/wetterstation\\\/\",\"name\":\"Wetterstation - Archiv Meesters\",\"isPartOf\":{\"@id\":\"https:\\\/\\\/archiv.familie-meesters.de\\\/wordpress\\\/#website\"},\"datePublished\":\"2021-02-13T14:36:59+00:00\",\"dateModified\":\"2026-03-10T08:36:43+00:00\",\"description\":\"Um die lokale Wetterentwicklung \u00fcber Rorup zu dokumentieren, zeichnen wir seit 2020 den in Bodenn\u00e4he messbaren Zustand der Troposph\u00e4re detailliert auf.\",\"breadcrumb\":{\"@id\":\"https:\\\/\\\/archiv.familie-meesters.de\\\/wordpress\\\/wetterstation\\\/#breadcrumb\"},\"inLanguage\":\"de\",\"potentialAction\":[{\"@type\":\"ReadAction\",\"target\":[\"https:\\\/\\\/archiv.familie-meesters.de\\\/wordpress\\\/wetterstation\\\/\"]}]},{\"@type\":\"BreadcrumbList\",\"@id\":\"https:\\\/\\\/archiv.familie-meesters.de\\\/wordpress\\\/wetterstation\\\/#breadcrumb\",\"itemListElement\":[{\"@type\":\"ListItem\",\"position\":1,\"name\":\"Startseite\",\"item\":\"https:\\\/\\\/archiv.familie-meesters.de\\\/wordpress\\\/\"},{\"@type\":\"ListItem\",\"position\":2,\"name\":\"Wetterstation\"}]},{\"@type\":\"WebSite\",\"@id\":\"https:\\\/\\\/archiv.familie-meesters.de\\\/wordpress\\\/#website\",\"url\":\"https:\\\/\\\/archiv.familie-meesters.de\\\/wordpress\\\/\",\"name\":\"Archiv Meesters\",\"description\":\"Archiv der Familie Meesters\",\"potentialAction\":[{\"@type\":\"SearchAction\",\"target\":{\"@type\":\"EntryPoint\",\"urlTemplate\":\"https:\\\/\\\/archiv.familie-meesters.de\\\/wordpress\\\/?s={search_term_string}\"},\"query-input\":{\"@type\":\"PropertyValueSpecification\",\"valueRequired\":true,\"valueName\":\"search_term_string\"}}],\"inLanguage\":\"de\"}]}<\/script>\n<!-- \/ Yoast SEO plugin. -->","yoast_head_json":{"title":"Wetterstation - Archiv Meesters","description":"Um die lokale Wetterentwicklung \u00fcber Rorup zu dokumentieren, zeichnen wir seit 2020 den in Bodenn\u00e4he messbaren Zustand der Troposph\u00e4re detailliert auf.","robots":{"index":"index","follow":"follow","max-snippet":"max-snippet:-1","max-image-preview":"max-image-preview:large","max-video-preview":"max-video-preview:-1"},"canonical":"https:\/\/archiv.familie-meesters.de\/wordpress\/wetterstation\/","og_locale":"de_DE","og_type":"article","og_title":"Wetterstation - Archiv Meesters","og_description":"Um die lokale Wetterentwicklung \u00fcber Rorup zu dokumentieren, zeichnen wir seit 2020 den in Bodenn\u00e4he messbaren Zustand der Troposph\u00e4re detailliert auf.","og_url":"https:\/\/archiv.familie-meesters.de\/wordpress\/wetterstation\/","og_site_name":"Archiv Meesters","article_publisher":"https:\/\/www.facebook.com\/diemeesters\/","article_modified_time":"2026-03-10T08:36:43+00:00","twitter_card":"summary_large_image","twitter_title":"Wetterstation - Archiv Meesters","twitter_description":"Um die lokale Wetterentwicklung \u00fcber Rorup zu dokumentieren, zeichnen wir seit 2020 den in Bodenn\u00e4he messbaren Zustand der Troposph\u00e4re detailliert auf.","twitter_misc":{"Gesch\u00e4tzte Lesezeit":"1\u00a0Minute"},"schema":{"@context":"https:\/\/schema.org","@graph":[{"@type":"WebPage","@id":"https:\/\/archiv.familie-meesters.de\/wordpress\/wetterstation\/","url":"https:\/\/archiv.familie-meesters.de\/wordpress\/wetterstation\/","name":"Wetterstation - Archiv Meesters","isPartOf":{"@id":"https:\/\/archiv.familie-meesters.de\/wordpress\/#website"},"datePublished":"2021-02-13T14:36:59+00:00","dateModified":"2026-03-10T08:36:43+00:00","description":"Um die lokale Wetterentwicklung \u00fcber Rorup zu dokumentieren, zeichnen wir seit 2020 den in Bodenn\u00e4he messbaren Zustand der Troposph\u00e4re detailliert auf.","breadcrumb":{"@id":"https:\/\/archiv.familie-meesters.de\/wordpress\/wetterstation\/#breadcrumb"},"inLanguage":"de","potentialAction":[{"@type":"ReadAction","target":["https:\/\/archiv.familie-meesters.de\/wordpress\/wetterstation\/"]}]},{"@type":"BreadcrumbList","@id":"https:\/\/archiv.familie-meesters.de\/wordpress\/wetterstation\/#breadcrumb","itemListElement":[{"@type":"ListItem","position":1,"name":"Startseite","item":"https:\/\/archiv.familie-meesters.de\/wordpress\/"},{"@type":"ListItem","position":2,"name":"Wetterstation"}]},{"@type":"WebSite","@id":"https:\/\/archiv.familie-meesters.de\/wordpress\/#website","url":"https:\/\/archiv.familie-meesters.de\/wordpress\/","name":"Archiv Meesters","description":"Archiv der Familie Meesters","potentialAction":[{"@type":"SearchAction","target":{"@type":"EntryPoint","urlTemplate":"https:\/\/archiv.familie-meesters.de\/wordpress\/?s={search_term_string}"},"query-input":{"@type":"PropertyValueSpecification","valueRequired":true,"valueName":"search_term_string"}}],"inLanguage":"de"}]}},"_links":{"self":[{"href":"https:\/\/archiv.familie-meesters.de\/wordpress\/wp-json\/wp\/v2\/pages\/200","targetHints":{"allow":["GET"]}}],"collection":[{"href":"https:\/\/archiv.familie-meesters.de\/wordpress\/wp-json\/wp\/v2\/pages"}],"about":[{"href":"https:\/\/archiv.familie-meesters.de\/wordpress\/wp-json\/wp\/v2\/types\/page"}],"author":[{"embeddable":true,"href":"https:\/\/archiv.familie-meesters.de\/wordpress\/wp-json\/wp\/v2\/users\/1"}],"replies":[{"embeddable":true,"href":"https:\/\/archiv.familie-meesters.de\/wordpress\/wp-json\/wp\/v2\/comments?post=200"}],"version-history":[{"count":16,"href":"https:\/\/archiv.familie-meesters.de\/wordpress\/wp-json\/wp\/v2\/pages\/200\/revisions"}],"predecessor-version":[{"id":5754,"href":"https:\/\/archiv.familie-meesters.de\/wordpress\/wp-json\/wp\/v2\/pages\/200\/revisions\/5754"}],"wp:attachment":[{"href":"https:\/\/archiv.familie-meesters.de\/wordpress\/wp-json\/wp\/v2\/media?parent=200"}],"curies":[{"name":"wp","href":"https:\/\/api.w.org\/{rel}","templated":true}]}}